{"id":77,"date":"2022-12-16T16:55:54","date_gmt":"2022-12-16T19:55:54","guid":{"rendered":"http:\/\/sinsep.online\/?page_id=77"},"modified":"2022-12-16T17:15:22","modified_gmt":"2022-12-16T20:15:22","slug":"elementor-77","status":"publish","type":"page","link":"https:\/\/sinsep.online\/?page_id=77","title":{"rendered":"Postagens"},"content":{"rendered":"\t\t<div data-elementor-type=\"wp-page\" data-elementor-id=\"77\" class=\"elementor elementor-77\" data-elementor-post-type=\"page\">\n\t\t\t\t\t\t<section class=\"elementor-section elementor-top-section elementor-element elementor-element-fbeab37 elementor-section-boxed elementor-section-height-default elementor-section-height-default\" data-id=\"fbeab37\" data-element_type=\"section\">\n\t\t\t\t\t\t<div class=\"elementor-container elementor-column-gap-default\">\n\t\t\t\t\t<div class=\"elementor-column elementor-col-100 elementor-top-column elementor-element elementor-element-96f2d46\" data-id=\"96f2d46\" data-element_type=\"column\">\n\t\t\t<div class=\"elementor-widget-wrap elementor-element-populated\">\n\t\t\t\t\t\t<section class=\"elementor-section elementor-inner-section elementor-element elementor-element-8517741 elementor-section-boxed elementor-section-height-default elementor-section-height-default\" data-id=\"8517741\" data-element_type=\"section\">\n\t\t\t\t\t\t<div class=\"elementor-container elementor-column-gap-default\">\n\t\t\t\t\t<div class=\"elementor-column elementor-col-50 elementor-inner-column elementor-element elementor-element-6d9ad6c\" data-id=\"6d9ad6c\" data-element_type=\"column\">\n\t\t\t<div class=\"elementor-widget-wrap elementor-element-populated\">\n\t\t\t\t\t\t<div class=\"elementor-element elementor-element-65db45b elementor-widget elementor-widget-video\" data-id=\"65db45b\" data-element_type=\"widget\" data-settings=\"{&quot;video_type&quot;:&quot;hosted&quot;,&quot;controls&quot;:&quot;yes&quot;}\" data-widget_type=\"video.default\">\n\t\t\t\t<div class=\"elementor-widget-container\">\n\t\t\t\t\t\t\t<div class=\"e-hosted-video elementor-wrapper elementor-open-inline\">\n\t\t\t\t\t<video class=\"elementor-video\" src=\"http:\/\/sinsep.online\/wp-content\/uploads\/2022\/12\/AcaoEducadoras.mp4\" controls=\"\" preload=\"metadata\" controlsList=\"nodownload\"><\/video>\n\t\t\t\t<\/div>\n\t\t\t\t\t\t<\/div>\n\t\t\t\t<\/div>\n\t\t\t\t\t<\/div>\n\t\t<\/div>\n\t\t\t\t<div class=\"elementor-column elementor-col-50 elementor-inner-column elementor-element elementor-element-2d1b969\" data-id=\"2d1b969\" data-element_type=\"column\">\n\t\t\t<div class=\"elementor-widget-wrap elementor-element-populated\">\n\t\t\t\t\t\t<div class=\"elementor-element elementor-element-fb1f0aa elementor-widget elementor-widget-text-editor\" data-id=\"fb1f0aa\" data-element_type=\"widget\" data-widget_type=\"text-editor.default\">\n\t\t\t\t<div class=\"elementor-widget-container\">\n\t\t\t\t\t\t\t\t\t<p>Em 1.996 foi criada a Lei de Diretrizes e Bases (LDB) da educa\u00e7\u00e3o, que estabelecia a forma\u00e7\u00e3o em n\u00edvel superior para os profissionais que trabalhavam com pedagogia, a mesma lei estipulou um prazo de 10 anos para que munic\u00edpios e profissionais se adequassem. O munic\u00edpio capacitou os seus profissionais e criou, em 2006, o cargo de educador infantil, que trabalhavam nas antigas creches e tinham forma\u00e7\u00e3o exigida pela lei.<br \/>No ano de 2008 o congresso aprovou a lei que criava o Piso Nacional dos Profissionais da Educa\u00e7\u00e3o, mas um grupo de munic\u00edpios entrou com uma representa\u00e7\u00e3o no Supremo Tribunal Federal (STF) e conseguiu suspender a aplica\u00e7\u00e3o da lei at\u00e9 abril de 2.011 quando saiu a senten\u00e7a considerando a lei constitucional e obrigando todos os munic\u00edpios a pagar o piso.<br \/>Em Mogi Mirim, o SINSEP entrou naquele mesmo ano, com um pedido administrativo na prefeitura para que as educadoras infantis tivessem seus vencimentos ajustados de acordo com a legisla\u00e7\u00e3o. A administra\u00e7\u00e3o alegou que as 150 educadoras n\u00e3o tinham atividade de doc\u00eancia e, por isso, n\u00e3o tinham direito ao piso. O sindicato mobilizou a categoria para uma greve de tr\u00eas dias que resultou no reajuste solicitado, mas em 2.012 a prefeitura reajustou o sal\u00e1rio das educadoras, por\u00e9m n\u00e3o acompanhou o piso, o que fez que o SINSEP entrasse com uma representa\u00e7\u00e3o judicial contra a prefeitura que foi julgada favoravelmente em junho de 2.015.<br \/>Mas a administra\u00e7\u00e3o n\u00e3o cumpriu a senten\u00e7a e em maio de 2.016, a dire\u00e7\u00e3o do SINSEP, mais 65 Educadoras Infantis, 7 professoras e uma auxiliar de Cempi reuniram-se na pra\u00e7a da Bandeira e munidas de faixas, apitos e narizes de palha\u00e7o se dirigiram at\u00e9 o Pa\u00e7o Municipal para tentarem uma audi\u00eancia com o prefeito municipal e exigir o cumprimento da senten\u00e7a que garantia a categoria a corre\u00e7\u00e3o pelo Piso Nacional do Magist\u00e9rio na mesma data e no mesmo \u00edndice que o determinado pelo governo federal.<br \/>Houve uma reuni\u00e3o com os representantes da administra\u00e7\u00e3o que garantiram que a diferen\u00e7a salarial do m\u00eas de maio seria paga at\u00e9 no m\u00e1ximo em 15 dias e o encaminhamento de um projeto de lei que vinculando o sal\u00e1rio das Educadoras a data de reajuste e ao valor do Piso Nacional conforme determina a Lei Federal. As diferen\u00e7as salariais foram enfim acertadas em seis parcelas atrav\u00e9s de um acordo firmado em novembro de 2.017 com as educadoras e em 2.018 foi estabelecida a jornada de 2\/3 atrav\u00e9s da Lei 328.<br \/><br \/><\/p>\t\t\t\t\t\t\t\t<\/div>\n\t\t\t\t<\/div>\n\t\t\t\t\t<\/div>\n\t\t<\/div>\n\t\t\t\t\t<\/div>\n\t\t<\/section>\n\t\t\t\t<div class=\"elementor-element elementor-element-bc1d1bf elementor-widget elementor-widget-image\" data-id=\"bc1d1bf\" data-element_type=\"widget\" data-widget_type=\"image.default\">\n\t\t\t\t<div class=\"elementor-widget-container\">\n\t\t\t\t\t\t\t\t\t\t\t\t\t\t\t<img fetchpriority=\"high\" decoding=\"async\" width=\"800\" height=\"600\" src=\"https:\/\/sinsep.online\/wp-content\/uploads\/2022\/12\/DSC05982-1024x768.jpg\" class=\"attachment-large size-large wp-image-132\" alt=\"\" srcset=\"https:\/\/sinsep.online\/wp-content\/uploads\/2022\/12\/DSC05982-1024x768.jpg 1024w, https:\/\/sinsep.online\/wp-content\/uploads\/2022\/12\/DSC05982-300x225.jpg 300w, https:\/\/sinsep.online\/wp-content\/uploads\/2022\/12\/DSC05982-768x576.jpg 768w, https:\/\/sinsep.online\/wp-content\/uploads\/2022\/12\/DSC05982-1536x1152.jpg 1536w, https:\/\/sinsep.online\/wp-content\/uploads\/2022\/12\/DSC05982-2048x1536.jpg 2048w\" sizes=\"(max-width: 800px) 100vw, 800px\" \/>\t\t\t\t\t\t\t\t\t\t\t\t\t\t\t<\/div>\n\t\t\t\t<\/div>\n\t\t\t\t\t<\/div>\n\t\t<\/div>\n\t\t\t\t\t<\/div>\n\t\t<\/section>\n\t\t\t\t<\/div>\n\t\t","protected":false},"excerpt":{"rendered":"<p>http:\/\/sinsep.online\/wp-content\/uploads\/2022\/12\/AcaoEducadoras.mp4 Em 1.996 foi criada a Lei de Diretrizes e Bases (LDB) da educa\u00e7\u00e3o, que estabelecia a forma\u00e7\u00e3o em n\u00edvel superior para os profissionais que trabalhavam com pedagogia, a mesma lei estipulou um prazo de 10 anos para que munic\u00edpios e profissionais se adequassem. O munic\u00edpio capacitou os seus profissionais e criou, em 2006, o [&hellip;]<\/p>\n","protected":false},"author":1,"featured_media":0,"parent":0,"menu_order":0,"comment_status":"closed","ping_status":"closed","template":"","meta":{"footnotes":""},"class_list":["post-77","page","type-page","status-publish","hentry"],"_links":{"self":[{"href":"https:\/\/sinsep.online\/index.php?rest_route=\/wp\/v2\/pages\/77","targetHints":{"allow":["GET"]}}],"collection":[{"href":"https:\/\/sinsep.online\/index.php?rest_route=\/wp\/v2\/pages"}],"about":[{"href":"https:\/\/sinsep.online\/index.php?rest_route=\/wp\/v2\/types\/page"}],"author":[{"embeddable":true,"href":"https:\/\/sinsep.online\/index.php?rest_route=\/wp\/v2\/users\/1"}],"replies":[{"embeddable":true,"href":"https:\/\/sinsep.online\/index.php?rest_route=%2Fwp%2Fv2%2Fcomments&post=77"}],"version-history":[{"count":8,"href":"https:\/\/sinsep.online\/index.php?rest_route=\/wp\/v2\/pages\/77\/revisions"}],"predecessor-version":[{"id":135,"href":"https:\/\/sinsep.online\/index.php?rest_route=\/wp\/v2\/pages\/77\/revisions\/135"}],"wp:attachment":[{"href":"https:\/\/sinsep.online\/index.php?rest_route=%2Fwp%2Fv2%2Fmedia&parent=77"}],"curies":[{"name":"wp","href":"https:\/\/api.w.org\/{rel}","templated":true}]}}