{"id":3,"date":"2022-12-12T10:02:35","date_gmt":"2022-12-12T13:02:35","guid":{"rendered":"http:\/\/sinsep.online\/?page_id=3"},"modified":"2022-12-14T11:13:22","modified_gmt":"2022-12-14T14:13:22","slug":"politica-de-privacidade","status":"publish","type":"page","link":"https:\/\/sinsep.online\/?page_id=3","title":{"rendered":"Pol\u00edtica de privacidade"},"content":{"rendered":"\n<p><strong>Lei Geral de Prote\u00e7\u00e3o de Dados (LGPD)<\/strong> \u2013 Lei Federal n\u00ba 13.709 publicada no dia 14 de agosto de 2018 que regula as atividades de Tratamento de Dados Pessoais, inclusive nos meios digitais, por pessoa natural ou por pessoa jur\u00eddica de direito p\u00fablico ou privado, com o objetivo de proteger os direitos fundamentais de liberdade e de privacidade e o livre desenvolvimento da personalidade da pessoa natural. <strong>Agentes de Tratamento<\/strong> \u2013 s\u00e3o aqueles respons\u00e1veis pelo Tratamento de Dados Pessoais e est\u00e3o separados em duas categorias: o Controlador e o Operador. O <strong>Controlador<\/strong> \u00e9 a pessoa ou a empresa respons\u00e1vel pelas decis\u00f5es referentes ao Tratamento de Dados Pessoais. O <strong>Operador<\/strong>, por sua vez, \u00e9 a pessoa ou a empresa que realiza o Tratamento de Dados Pessoais em nome do Controlador, seguindo as suas instru\u00e7\u00f5es<strong>. Dados Pessoais<\/strong> \u2013&nbsp; informa\u00e7\u00f5es relacionadas a pessoa natural identificada ou identific\u00e1vel. <strong>Tratamento <\/strong>\u2013 qualquer opera\u00e7\u00e3o realizada com os Dados Pessoais de forma automatizada ou n\u00e3o, ou seja, \u00e9 a coleta, produ\u00e7\u00e3o, recep\u00e7\u00e3o, classifica\u00e7\u00e3o, utiliza\u00e7\u00e3o, acesso, reprodu\u00e7\u00e3o, transmiss\u00e3o, distribui\u00e7\u00e3o, processamento, armazenamento, arquivamento, elimina\u00e7\u00e3o, avalia\u00e7\u00e3o ou controle da informa\u00e7\u00e3o, modifica\u00e7\u00e3o, comunica\u00e7\u00e3o, transfer\u00eancia, difus\u00e3o ou extra\u00e7\u00e3o.<\/p>\n\n\n\n<p>Dentro deste contexto os dados pessoais que coletamos quando os Usu\u00e1rios visitam o nosso website s\u00e3o dados que voc\u00ea nos fornece: o nosso website disp\u00f5e de diversas formas por meio das quase voc\u00ea pode entrar em contato conosco. Voc\u00ea pode nos fornecer dados pessoais, por exemplo, quando voc\u00ea manifesta interesse em obter mais informa\u00e7\u00f5es sobre os nossa atua\u00e7\u00e3o pol\u00edtica e social, participa de pesquisas, se inscreve no nosso newsletter, faz o download de conte\u00fado informativo ou entra em contato conosco de alguma outra forma. Esses dados incluem:<\/p>\n\n\n\n<p>&nbsp; Dados de contato profissional, como o seu nome, cargo, empresa, localiza\u00e7\u00e3o, n\u00famero de telefone e endere\u00e7o de e-mail;<\/p>\n\n\n\n<p>&nbsp; \u00c1rea de atua\u00e7\u00e3o e interesses;<\/p>\n\n\n\n<p>&nbsp; Natureza da sua comunica\u00e7\u00e3o conosco;<\/p>\n\n\n\n<p>&nbsp; Prefer\u00eancias de marketing;<\/p>\n\n\n\n<p>&nbsp; Quaisquer outras informa\u00e7\u00f5es que voc\u00ea escolha nos fornecer.<\/p>\n\n\n\n<p>N\u00f3s podemos utilizar os dados coletados ou recebidos a partir da utiliza\u00e7\u00e3o do website ou ficha cadastral para as seguintes finalidades:<\/p>\n\n\n\n<p>&nbsp;&nbsp;&nbsp; Fornecer, personalizar e aprimorar nossos servi\u00e7os e websites;<\/p>\n\n\n\n<p>&nbsp;&nbsp;&nbsp; Refor\u00e7ar nossos procedimentos de seguran\u00e7a e prote\u00e7\u00e3o, visando a presta\u00e7\u00e3o de um servi\u00e7o mais seguro e eficaz;<\/p>\n\n\n\n<p>&nbsp;&nbsp;&nbsp; Realizar opera\u00e7\u00f5es internas, solu\u00e7\u00e3o de problemas, an\u00e1lise de dados, testes, pesquisas e estat\u00edstica;<\/p>\n\n\n\n<p>&nbsp;&nbsp;&nbsp; Enviar comunica\u00e7\u00f5es de marketing, de acordo com as suas prefer\u00eancias de marketing.<\/p>\n\n\n\n<p>&nbsp;&nbsp;&nbsp; Avaliar ou entender a efic\u00e1cia da publicidade que veiculamos, visando fornecer publicidades relevantes para voc\u00ea;<\/p>\n\n\n\n<p>&nbsp;&nbsp;&nbsp; Gerenciar riscos e detectar, prevenir e\/ou remediar fraudes ou outras atividades potencialmente ilegais ou proibidas, al\u00e9m de viola\u00e7\u00f5es de pol\u00edticas ou termos de uso aplic\u00e1veis;<\/p>\n\n\n\n<p>&nbsp;&nbsp;&nbsp; Conforme necess\u00e1rio, para estabelecer, exercer e defender direitos em processos judiciais, administrativos ou arbitrais;<\/p>\n\n\n\n<p>&nbsp;&nbsp;&nbsp; Cumprir com obriga\u00e7\u00f5es legais ou regulat\u00f3rias, ou conforme exigido em um processo judicial, por qualquer \u00f3rg\u00e3o de aplica\u00e7\u00e3o da lei ou do governo com compet\u00eancia, ou que alegue ter compet\u00eancia, sobre o SINSEP.<\/p>\n\n\n\n<p>&nbsp;&nbsp;&nbsp; Para outras finalidades as quais fornecemos um aviso espec\u00edfico no momento da coleta, ou, de outro modo, conforme autorizado ou exigido por lei.<\/p>\n\n\n\n<p>N\u00f3s poderemos compartilhar os dados pessoais coletados com terceiros, que sejam relevantes para fins de viabilizar a comunica\u00e7\u00e3o e difus\u00e3o de ideias. Referido compartilhamento ocorre com base nos seguintes crit\u00e9rios e para as finalidades descritas abaixo.<\/p>\n\n\n\n<p>\u00a0\u00a0\u00a0 <strong>Prestadores de servi\u00e7o terceirizados<\/strong>: Trabalhamos com prestadores de servi\u00e7o terceirizados para nos ajudar a operar, executar, aprimorar, entender, personalizar, dar suporte e anunciar nossos servi\u00e7os. Quando compartilhamos dados com prestadores de servi\u00e7o terceirizados, exigimos que eles utilizem seus dados de acordo com nossas instru\u00e7\u00f5es e termos ou mediante seu consentimento expresso, quando aplic\u00e1vel.<\/p>\n\n\n\n<p>&nbsp;&nbsp;&nbsp; <strong>Entidades de Prote\u00e7\u00e3o ao Cr\u00e9dito<\/strong>: Podemos compartilhar os seus dados cadastrais com entidades dedicadas a reduzir o risco de cr\u00e9dito e proteger empresas e indiv\u00edduos contra fraudes, a fim de validar as informa\u00e7\u00f5es fornecidas por voc\u00ea.<\/p>\n\n\n\n<p>&nbsp;&nbsp;&nbsp; \u00d3rg\u00e3os reguladores, autoridades judiciais ou administrativas: podemos compartilhar as suas informa\u00e7\u00f5es pessoais para prestar \u00e0s autoridades competentes todas as informa\u00e7\u00f5es que forem solicitadas com rela\u00e7\u00e3o ao Titular e opera\u00e7\u00f5es por ele executadas no Site. Ademais, podemos compartilhar os seus dados pessoais com autoridades p\u00fablicas ou entidades privadas para combate \u00e0 fraude e abuso no uso dos Servi\u00e7os, para investiga\u00e7\u00e3o de suspeitas de viola\u00e7\u00e3o da lei, ou para combater qualquer outra suspeita de descumprimento das nossas pol\u00edticas e contratos.<\/p>\n\n\n\n<p>&nbsp;&nbsp;&nbsp; <strong>Com a sua autoriza\u00e7\u00e3o:<\/strong> Em outros casos n\u00e3o previstos acima, havendo o objetivo de compartilhamento dos dados pessoais e informa\u00e7\u00f5es, enviaremos voc\u00ea uma notifica\u00e7\u00e3o com informa\u00e7\u00f5es a respeito de tal compartilhamento para solicitar o seu consentimento, para finalidade determinada.<\/p>\n\n\n\n<p>N\u00f3s e nossos parceiros podemos utilizar diversas tecnologias para coletar e armazenar, de forma autom\u00e1tica, dados sobre o uso do website. Essas tecnologias incluem cookies, pixels, web beacons e SDKs. N\u00f3s usamos as informa\u00e7\u00f5es coletadas por meio dessas tecnologias para otimizar e personalizar a sua experi\u00eancia de navega\u00e7\u00e3o, direcionar campanhas publicit\u00e1rias, desenvolver e aplicar funcionalidades de seguran\u00e7a e procedimentos de preven\u00e7\u00e3o \u00e0 fraude, dentre outras poss\u00edveis utiliza\u00e7\u00f5es.<\/p>\n\n\n\n<p>Os Dados Pessoais coletados pelo SINSEP s\u00e3o protegidos por medidas f\u00edsicas, t\u00e9cnicas e organizacionais de seguran\u00e7a para reduzir riscos de perda, mau uso e acesso n\u00e3o autorizado, divulga\u00e7\u00e3o e altera\u00e7\u00e3o, tais como firewalls e criptografia de dados, controles de acesso f\u00edsico a data centers, al\u00e9m de controles de autoriza\u00e7\u00e3o de acesso \u00e0 informa\u00e7\u00e3o.<\/p>\n\n\n\n<p>Os Titulares de dados pessoais t\u00eam alguns direitos no que se refere aos seus dados pessoais e podem exerc\u00ea-los entrando em contato conosco por meio do e-mail <a href=\"mailto:falecom@sinsep.online\">falecom@sinsep.online<\/a>\u00a0para:<\/p>\n\n\n\n<p>Confirma\u00e7\u00e3o da exist\u00eancia de tratamento de dados pessoais;<\/p>\n\n\n\n<p>&nbsp;&nbsp;&nbsp; Acesso aos dados pessoais, nos termos da legisla\u00e7\u00e3o aplic\u00e1vel;<\/p>\n\n\n\n<p>&nbsp;&nbsp;&nbsp; Corre\u00e7\u00e3o de dados incompletos, inexatos ou desatualizados;<\/p>\n\n\n\n<p>&nbsp;&nbsp;&nbsp; Portabilidade dos dados;<\/p>\n\n\n\n<p>&nbsp;&nbsp;&nbsp; Exclus\u00e3o de dados, quando este forem tratados com base no consentimento do Titular ou quando os dados forem desnecess\u00e1rios, excessivos ou tratados em desconformidade com a legisla\u00e7\u00e3o aplic\u00e1vel;<\/p>\n\n\n\n<p>&nbsp;&nbsp;&nbsp; Solicita\u00e7\u00e3o de informa\u00e7\u00f5es sobre uso compartilhado de dados. Note que essa Pol\u00edtica de Privacidade descreve as atividades de compartilhamento de dados pessoais pelo SINSEP. Para receber mais informa\u00e7\u00f5es sobre como compartilhamos os seus dados entre em contato conosco;<\/p>\n\n\n\n<p>&nbsp;&nbsp;<strong>&nbsp; Revoga\u00e7\u00e3o do consentimento, quando aplic\u00e1vel.<\/strong><\/p>\n\n\n\n<p>Por motivos de seguran\u00e7a, somente poderemos atender \u00e0 sua solicita\u00e7\u00e3o se tivermos certeza da sua identidade. Sendo assim, poderemos solicitar dados ou informa\u00e7\u00f5es adicionais para a confirma\u00e7\u00e3o da identidade e da autenticidade do Titular.<\/p>\n","protected":false},"excerpt":{"rendered":"<p>Lei Geral de Prote\u00e7\u00e3o de Dados (LGPD) \u2013 Lei Federal n\u00ba 13.709 publicada no dia 14 de agosto de 2018 que regula as atividades de Tratamento de Dados Pessoais, inclusive nos meios digitais, por pessoa natural ou por pessoa jur\u00eddica de direito p\u00fablico ou privado, com o objetivo de proteger os direitos fundamentais de liberdade [&hellip;]<\/p>\n","protected":false},"author":1,"featured_media":0,"parent":0,"menu_order":0,"comment_status":"closed","ping_status":"open","template":"","meta":{"footnotes":""},"class_list":["post-3","page","type-page","status-publish","hentry"],"_links":{"self":[{"href":"https:\/\/sinsep.online\/index.php?rest_route=\/wp\/v2\/pages\/3","targetHints":{"allow":["GET"]}}],"collection":[{"href":"https:\/\/sinsep.online\/index.php?rest_route=\/wp\/v2\/pages"}],"about":[{"href":"https:\/\/sinsep.online\/index.php?rest_route=\/wp\/v2\/types\/page"}],"author":[{"embeddable":true,"href":"https:\/\/sinsep.online\/index.php?rest_route=\/wp\/v2\/users\/1"}],"replies":[{"embeddable":true,"href":"https:\/\/sinsep.online\/index.php?rest_route=%2Fwp%2Fv2%2Fcomments&post=3"}],"version-history":[{"count":1,"href":"https:\/\/sinsep.online\/index.php?rest_route=\/wp\/v2\/pages\/3\/revisions"}],"predecessor-version":[{"id":7,"href":"https:\/\/sinsep.online\/index.php?rest_route=\/wp\/v2\/pages\/3\/revisions\/7"}],"wp:attachment":[{"href":"https:\/\/sinsep.online\/index.php?rest_route=%2Fwp%2Fv2%2Fmedia&parent=3"}],"curies":[{"name":"wp","href":"https:\/\/api.w.org\/{rel}","templated":true}]}}